{"id":24,"date":"2022-01-24T23:12:43","date_gmt":"2022-01-24T22:12:43","guid":{"rendered":"https:\/\/www.zberstarychvozidiel.sk\/?page_id=24"},"modified":"2022-12-13T22:13:34","modified_gmt":"2022-12-13T21:13:34","slug":"o-nas","status":"publish","type":"page","link":"https:\/\/www.zberstarychvozidiel.sk\/","title":{"rendered":"O n\u00e1s"},"content":{"rendered":"<p>[et_pb_section fb_built=&#8220;1&#8243; disabled_on=&#8220;off|off|off&#8220; admin_label=&#8220;Header Section&#8220; _builder_version=&#8220;4.18.0&#8243; use_background_color_gradient=&#8220;on&#8220; background_color_gradient_stops=&#8220;rgba(20,61,88,0.65) 50%|#143d58 100%&#8220; background_color_gradient_overlays_image=&#8220;on&#8220; background_color_gradient_start=&#8220;rgba(20,61,88,0.65)&#8220; background_color_gradient_end=&#8220;#143d58&#8243; background_image=&#8220;https:\/\/www.zberstarychvozidiel.sk\/wp-content\/uploads\/2022\/01\/automobiles-ga51e9b2eb_1920.jpg&#8220; min_height=&#8220;358.8px&#8220; custom_margin=&#8220;|||&#8220; custom_padding=&#8220;6vw|0px|6vw|0px||&#8220; bottom_divider_color=&#8220;#ffffff&#8220; bottom_divider_height=&#8220;63px&#8220; bottom_divider_repeat=&#8220;1x&#8220; bottom_divider_flip=&#8220;horizontal&#8220; animation_style=&#8220;slide&#8220; animation_direction=&#8220;top&#8220; animation_intensity_slide=&#8220;3%&#8220; animation_starting_opacity=&#8220;100%&#8220; global_colors_info=&#8220;{}&#8220;][et_pb_row disabled_on=&#8220;off|off|off&#8220; module_class=&#8220; et_pb_row_fullwidth&#8220; _builder_version=&#8220;4.16&#8243; width=&#8220;89%&#8220; width_tablet=&#8220;80%&#8220; width_phone=&#8220;80%&#8220; width_last_edited=&#8220;on|desktop&#8220; max_width=&#8220;89%&#8220; max_width_tablet=&#8220;80%&#8220; max_width_phone=&#8220;80%&#8220; max_width_last_edited=&#8220;on|desktop&#8220; custom_padding=&#8220;|||&#8220; make_fullwidth=&#8220;on&#8220; global_colors_info=&#8220;{}&#8220;][et_pb_column type=&#8220;4_4&#8243; _builder_version=&#8220;4.16&#8243; custom_padding=&#8220;|||&#8220; global_colors_info=&#8220;{}&#8220; custom_padding__hover=&#8220;|||&#8220;][et_pb_text disabled_on=&#8220;off|off|off&#8220; _builder_version=&#8220;4.18.0&#8243; text_font=&#8220;Montserrat||||||||&#8220; text_font_size=&#8220;22px&#8220; text_line_height=&#8220;1.8em&#8220; header_font=&#8220;Montserrat|600||on|||||&#8220; header_text_align=&#8220;right&#8220; header_font_size=&#8220;4vw&#8220; header_letter_spacing=&#8220;4px&#8220; header_line_height=&#8220;1.5em&#8220; text_orientation=&#8220;right&#8220; background_layout=&#8220;dark&#8220; custom_margin=&#8220;45px||45px||true|false&#8220; hover_enabled=&#8220;0&#8243; header_font_size_tablet=&#8220;50px&#8220; header_font_size_phone=&#8220;&#8220; header_font_size_last_edited=&#8220;on|desktop&#8220; header_line_height_tablet=&#8220;1.1em&#8220; header_line_height_phone=&#8220;1.2em&#8220; header_line_height_last_edited=&#8220;off|desktop&#8220; global_colors_info=&#8220;{}&#8220; sticky_enabled=&#8220;0&#8243;]<\/p>\n<h1>Autorizovan\u00fd zber<br \/>Star\u00fdch vozidiel<\/h1>\n<p>Sme tu s Vami u\u017e od roku 2007<\/p>\n<p>[\/et_pb_text][\/et_pb_column][\/et_pb_row][et_pb_row _builder_version=&#8220;4.18.0&#8243; _module_preset=&#8220;default&#8220;][et_pb_column _builder_version=&#8220;4.18.0&#8243; _module_preset=&#8220;default&#8220; type=&#8220;4_4&#8243;][et_pb_button button_text=&#8220;Chcem zlikvidova\u0165 star\u00e9 vozidlo !&#8220; button_alignment=&#8220;center&#8220; _builder_version=&#8220;4.18.0&#8243; _module_preset=&#8220;default&#8220; custom_button=&#8220;on&#8220; button_text_color=&#8220;#FFFFFF&#8220; button_bg_color=&#8220;#ff6d0c&#8220; button_border_width=&#8220;5px&#8220; button_border_color=&#8220;#ff6d0c&#8220; button_border_radius=&#8220;7px&#8220; button_letter_spacing=&#8220;2px&#8220; button_font=&#8220;Montserrat|600|||||||&#8220; button_icon=&#8220;&#x35;||divi||400&#8243; button_icon_color=&#8220;#FFFFFF&#8220; hover_enabled=&#8220;0&#8243; button_text_shadow_style=&#8220;preset1&#8243; button_text_shadow_blur_strength=&#8220;0em&#8220; button_text_shadow_color=&#8220;rgba(0,0,0,0.2)&#8220; global_colors_info=&#8220;{}&#8220; button_border_width__hover_enabled=&#8220;on|desktop&#8220; button_border_width__hover=&#8220;4px&#8220; sticky_enabled=&#8220;0&#8243; button_text_size=&#8220;20px&#8220;][\/et_pb_button][\/et_pb_column][\/et_pb_row][\/et_pb_section][et_pb_section fb_built=&#8220;1&#8243; admin_label=&#8220;CEO Quote Section&#8220; _builder_version=&#8220;4.18.0&#8243; min_height=&#8220;119.7px&#8220; custom_margin=&#8220;0px|||0px|false|false&#8220; custom_padding=&#8220;0px|0px|0px|0px|false|false&#8220; top_divider_color=&#8220;#153d58&#8243; top_divider_height=&#8220;34px&#8220; top_divider_repeat=&#8220;1x&#8220; top_divider_arrangement=&#8220;above_content&#8220; global_colors_info=&#8220;{}&#8220;][et_pb_row _builder_version=&#8220;4.16&#8243; _module_preset=&#8220;default&#8220; global_colors_info=&#8220;{}&#8220;][et_pb_column type=&#8220;4_4&#8243; _builder_version=&#8220;4.16&#8243; _module_preset=&#8220;default&#8220; global_colors_info=&#8220;{}&#8220;][et_pb_text _builder_version=&#8220;4.16&#8243; _module_preset=&#8220;default&#8220; header_font=&#8220;Montserrat|600|||||||&#8220; header_font_size=&#8220;45px&#8220; header_letter_spacing=&#8220;2px&#8220; global_colors_info=&#8220;{}&#8220;]<\/p>\n<h1 style=\"text-align: center;\">O n\u00e1s<\/h1>\n<p>[\/et_pb_text][\/et_pb_column][\/et_pb_row][\/et_pb_section][et_pb_section fb_built=&#8220;1&#8243; use_custom_gutter=&#8220;on&#8220; padding_top_1=&#8220;0px&#8220; padding_top_2=&#8220;80px&#8220; padding_right_2=&#8220;10%&#8220; padding_bottom_2=&#8220;0px&#8220; padding_2_tablet=&#8220;0px|||10%&#8220; padding_2_phone=&#8220;|||&#8220; _builder_version=&#8220;4.16&#8243; background_color_gradient_direction=&#8220;90deg&#8220; custom_margin=&#8220;-65px|||||&#8220; custom_margin_tablet=&#8220;80px|80px|80px|80px&#8220; custom_margin_last_edited=&#8220;off|desktop&#8220; custom_padding=&#8220;120px|0px|120px|0px&#8220; animation_style=&#8220;slide&#8220; animation_direction=&#8220;left&#8220; animation_intensity_slide=&#8220;1%&#8220; use_custom_width=&#8220;on&#8220; width_unit=&#8220;off&#8220; custom_width_percent=&#8220;100%&#8220; global_colors_info=&#8220;{}&#8220;][et_pb_row column_structure=&#8220;1_2,1_2&#8243; _builder_version=&#8220;4.16&#8243; width=&#8220;100%&#8220; max_width=&#8220;100%&#8220; custom_padding=&#8220;27px|0|0px|0px&#8220; use_custom_width=&#8220;on&#8220; width_unit=&#8220;off&#8220; custom_width_percent=&#8220;100%&#8220; global_colors_info=&#8220;{}&#8220;][et_pb_column type=&#8220;1_2&#8243; _builder_version=&#8220;4.16&#8243; custom_padding=&#8220;|||&#8220; global_colors_info=&#8220;{}&#8220; custom_padding__hover=&#8220;|||&#8220;][et_pb_image src=&#8220;https:\/\/www.zberstarychvozidiel.sk\/wp-content\/uploads\/2022\/02\/Dizajn-bez-na\u0301zvu-1.jpg&#8220; alt=&#8220;uvod&#8220; title_text=&#8220;uvod&#8220; show_bottom_space=&#8220;off&#8220; align_tablet=&#8220;center&#8220; align_phone=&#8220;center&#8220; align_last_edited=&#8220;on|desktop&#8220; _builder_version=&#8220;4.16&#8243; height=&#8220;688px&#8220; custom_margin=&#8220;|||-4px|false|false&#8220; custom_margin_tablet=&#8220;|60px||60px&#8220; custom_margin_phone=&#8220;100px|||&#8220; custom_margin_last_edited=&#8220;on|tablet&#8220; custom_padding=&#8220;|||&#8220; animation_direction=&#8220;left&#8220; hover_transition_duration=&#8220;400ms&#8220; hover_transition_delay=&#8220;50ms&#8220; hover_transition_speed_curve=&#8220;ease-in&#8220; scroll_horizontal_motion_enable=&#8220;on&#8220; scroll_horizontal_motion=&#8220;0|54|54|100|2|0|0&#8243; motion_trigger_start=&#8220;top&#8220; border_radii=&#8220;on|5px|5px|5px|5px&#8220; box_shadow_style=&#8220;preset4&#8243; box_shadow_horizontal=&#8220;-57px&#8220; box_shadow_vertical=&#8220;-80px&#8220; box_shadow_color=&#8220;rgba(0,0,0,0.05)&#8220; locked=&#8220;off&#8220; global_colors_info=&#8220;{}&#8220;][\/et_pb_image][\/et_pb_column][et_pb_column type=&#8220;1_2&#8243; _builder_version=&#8220;4.16&#8243; custom_padding=&#8220;80px|10%||&#8220; custom_padding_tablet=&#8220;|||10%&#8220; custom_padding_phone=&#8220;|||10%&#8220; custom_padding_last_edited=&#8220;on|tablet&#8220; global_colors_info=&#8220;{}&#8220; custom_padding__hover=&#8220;|||&#8220;][et_pb_text admin_label=&#8220;Paragraph&#8220; _builder_version=&#8220;4.16&#8243; text_font=&#8220;Montserrat||||||||&#8220; text_font_size=&#8220;15px&#8220; text_line_height=&#8220;2.2em&#8220; header_font=&#8220;||||||||&#8220; custom_margin=&#8220;76px|||||&#8220; locked=&#8220;off&#8220; global_colors_info=&#8220;{}&#8220;]<\/p>\n<p>Spolo\u010dnos\u0165\u00a0 <strong>KOV-NZP\u00da, s. r. o.<\/strong> p\u00f4sob\u00ed v\u00a0oblasti nakladania s\u00a0odpadmi od roku 2007.<\/p>\n<p>V\u00a0s\u00fa\u010dasnosti m\u00e1 spolo\u010dnos\u0165 osem prev\u00e1dzok, ktor\u00e9 pokr\u00fdvaj\u00fa <strong>\u00fazemie Pre\u0161ovsk\u00e9ho a\u00a0Ko\u0161ick\u00e9ho kraja.<\/strong><\/p>\n<p>Venujeme sa v\u00fdkupu, zberu a\u00a0spracovaniu \u017eelezn\u00e9ho \u0161rotu, farebn\u00fdch kovov, elektroodpadu, papiera, plastov, stavebn\u00e9ho odpadu.\u00a0<\/p>\n<p>Na\u0161a spolo\u010dnos\u0165 je <strong>autorizovan\u00fdm pracoviskom<\/strong> na spracovanie a zber star\u00fdch vozidiel.<\/p>\n<p>&nbsp;<\/p>\n<p>[\/et_pb_text][et_pb_button button_alignment=&#8220;left&#8220; _builder_version=&#8220;4.16&#8243; _module_preset=&#8220;default&#8220; custom_button=&#8220;on&#8220; button_text_color=&#8220;#FFFFFF&#8220; button_bg_color=&#8220;rgba(224,153,0,0.97)&#8220; button_border_width=&#8220;3px&#8220; button_border_color=&#8220;rgba(224,153,0,0.53)&#8220; button_border_radius=&#8220;50px&#8220; button_letter_spacing=&#8220;1px&#8220; button_font=&#8220;Montserrat|600|||||||&#8220; button_icon=&#8220;&#x35;||divi||400&#8243; button_icon_color=&#8220;#FFFFFF&#8220; button_text_shadow_style=&#8220;preset1&#8243; button_text_shadow_blur_strength=&#8220;0em&#8220; button_text_shadow_color=&#8220;rgba(0,0,0,0.2)&#8220; global_colors_info=&#8220;{}&#8220;][\/et_pb_button][\/et_pb_column][\/et_pb_row][\/et_pb_section][et_pb_section fb_built=&#8220;1&#8243; admin_label=&#8220;CTA Section&#8220; _builder_version=&#8220;4.16&#8243; background_color_gradient_direction=&#8220;90deg&#8220; background_color_gradient_start=&#8220;rgba(242,246,249,0)&#8220; background_color_gradient_end=&#8220;#f2f6f9&#8243; custom_padding=&#8220;53px|0px|120px|0px||&#8220; animation_style=&#8220;slide&#8220; animation_direction=&#8220;right&#8220; animation_intensity_slide=&#8220;1%&#8220; saved_tabs=&#8220;all&#8220; global_colors_info=&#8220;{}&#8220;][et_pb_row _builder_version=&#8220;4.16&#8243; _module_preset=&#8220;default&#8220; global_colors_info=&#8220;{}&#8220;][et_pb_column type=&#8220;4_4&#8243; _builder_version=&#8220;4.16&#8243; _module_preset=&#8220;default&#8220; global_colors_info=&#8220;{}&#8220;][et_pb_text _builder_version=&#8220;4.16&#8243; _module_preset=&#8220;default&#8220; header_font=&#8220;Montserrat|600|||||||&#8220; header_text_align=&#8220;center&#8220; header_font_size=&#8220;45px&#8220; header_letter_spacing=&#8220;2px&#8220; module_alignment=&#8220;center&#8220; global_colors_info=&#8220;{}&#8220;]<\/p>\n<h1 style=\"text-align: center;\">Ako na to ?<\/h1>\n<p>[\/et_pb_text][et_pb_divider color=&#8220;rgba(224,153,0,0.53)&#8220; divider_style=&#8220;double&#8220; divider_weight=&#8220;9px&#8220; _builder_version=&#8220;4.16&#8243; _module_preset=&#8220;default&#8220; width=&#8220;28%&#8220; module_alignment=&#8220;center&#8220; custom_margin=&#8220;-21px||||false|false&#8220; global_colors_info=&#8220;{}&#8220;][\/et_pb_divider][\/et_pb_column][\/et_pb_row][et_pb_row _builder_version=&#8220;4.16&#8243; _module_preset=&#8220;default&#8220; global_colors_info=&#8220;{}&#8220;][et_pb_column type=&#8220;4_4&#8243; _builder_version=&#8220;4.16&#8243; _module_preset=&#8220;default&#8220; global_colors_info=&#8220;{}&#8220;][et_pb_text _builder_version=&#8220;4.16&#8243; _module_preset=&#8220;default&#8220; header_font=&#8220;Montserrat||||||||&#8220; header_text_align=&#8220;center&#8220; header_text_color=&#8220;#3f3f3f&#8220; header_font_size=&#8220;38px&#8220; header_letter_spacing=&#8220;2px&#8220; module_alignment=&#8220;center&#8220; global_colors_info=&#8220;{}&#8220;]<\/p>\n<h1 style=\"text-align: center;\">Postup ako vyradi\u0165 star\u00e9 vozidlo<\/h1>\n<p>[\/et_pb_text][\/et_pb_column][\/et_pb_row][et_pb_row column_structure=&#8220;1_2,1_2&#8243; _builder_version=&#8220;4.16&#8243; _module_preset=&#8220;default&#8220; global_colors_info=&#8220;{}&#8220;][et_pb_column type=&#8220;1_2&#8243; _builder_version=&#8220;4.16&#8243; _module_preset=&#8220;default&#8220; global_colors_info=&#8220;{}&#8220;][\/et_pb_column][et_pb_column type=&#8220;1_2&#8243; _builder_version=&#8220;4.16&#8243; _module_preset=&#8220;default&#8220; global_colors_info=&#8220;{}&#8220;][\/et_pb_column][\/et_pb_row][\/et_pb_section]<\/p>\n","protected":false},"excerpt":{"rendered":"<p>Autorizovan\u00fd zberStar\u00fdch vozidiel Sme tu s Vami u\u017e od roku 2007O n\u00e1sSpolo\u010dnos\u0165\u00a0 KOV-NZP\u00da, s. r. o. p\u00f4sob\u00ed v\u00a0oblasti nakladania s\u00a0odpadmi od roku 2007. V\u00a0s\u00fa\u010dasnosti m\u00e1 spolo\u010dnos\u0165 osem prev\u00e1dzok, ktor\u00e9 pokr\u00fdvaj\u00fa \u00fazemie Pre\u0161ovsk\u00e9ho a\u00a0Ko\u0161ick\u00e9ho kraja. Venujeme sa v\u00fdkupu, zberu a\u00a0spracovaniu \u017eelezn\u00e9ho \u0161rotu, farebn\u00fdch kovov, elektroodpadu, papiera, plastov, stavebn\u00e9ho odpadu.\u00a0 Na\u0161a spolo\u010dnos\u0165 je autorizovan\u00fdm pracoviskom na spracovanie [&hellip;]<\/p>\n","protected":false},"author":1,"featured_media":0,"parent":0,"menu_order":0,"comment_status":"closed","ping_status":"closed","template":"","meta":{"_et_pb_use_builder":"on","_et_pb_old_content":"","_et_gb_content_width":"","_mi_skip_tracking":false},"_links":{"self":[{"href":"https:\/\/www.zberstarychvozidiel.sk\/index.php?rest_route=\/wp\/v2\/pages\/24"}],"collection":[{"href":"https:\/\/www.zberstarychvozidiel.sk\/index.php?rest_route=\/wp\/v2\/pages"}],"about":[{"href":"https:\/\/www.zberstarychvozidiel.sk\/index.php?rest_route=\/wp\/v2\/types\/page"}],"author":[{"embeddable":true,"href":"https:\/\/www.zberstarychvozidiel.sk\/index.php?rest_route=\/wp\/v2\/users\/1"}],"replies":[{"embeddable":true,"href":"https:\/\/www.zberstarychvozidiel.sk\/index.php?rest_route=%2Fwp%2Fv2%2Fcomments&post=24"}],"version-history":[{"count":6,"href":"https:\/\/www.zberstarychvozidiel.sk\/index.php?rest_route=\/wp\/v2\/pages\/24\/revisions"}],"predecessor-version":[{"id":165,"href":"https:\/\/www.zberstarychvozidiel.sk\/index.php?rest_route=\/wp\/v2\/pages\/24\/revisions\/165"}],"wp:attachment":[{"href":"https:\/\/www.zberstarychvozidiel.sk\/index.php?rest_route=%2Fwp%2Fv2%2Fmedia&parent=24"}],"curies":[{"name":"wp","href":"https:\/\/api.w.org\/{rel}","templated":true}]}}